{"id":2580,"date":"2018-01-07T22:17:06","date_gmt":"2018-01-07T21:17:06","guid":{"rendered":"https:\/\/www.picuida.es\/ciudadania\/?page_id=2580"},"modified":"2020-03-13T10:24:38","modified_gmt":"2020-03-13T09:24:38","slug":"recomendaciones-para-las-picaduras","status":"publish","type":"page","link":"https:\/\/www.picuida.es\/ciudadania\/tu-enfermera-te-cuida\/recomendaciones-para-las-picaduras\/","title":{"rendered":"Recomendaciones para las picaduras"},"content":{"rendered":"<section class=\"wpb-content-wrapper\"><p>[vc_row][vc_column width=\u00bb1\/2&#8243;][vc_icon icon_fontawesome=\u00bbfa fa-info-circle\u00bb color=\u00bbgreen\u00bb size=\u00bbxl\u00bb align=\u00bbcenter\u00bb][vc_custom_heading text=\u00bbEscanea el c\u00f3digo y ll\u00e9vate las recomendaciones a tu m\u00f3vil\u00bb font_container=\u00bbtag:h3|text_align:justify\u00bb css_animation=\u00bbtop-to-bottom\u00bb][vc_single_image image=\u00bb2680&#8243; img_size=\u00bbmedium\u00bb alignment=\u00bbcenter\u00bb][\/vc_column][vc_column width=\u00bb1\/2&#8243;][vc_single_image image=\u00bb3077&#8243; img_size=\u00bbfull\u00bb][\/vc_column][\/vc_row][vc_row][vc_column][vc_separator color=\u00bbchino\u00bb border_width=\u00bb5&#8243;][vc_basic_grid post_type=\u00bbpost\u00bb max_items=\u00bb100&#8243; style=\u00bbpagination\u00bb items_per_page=\u00bb21&#8243; element_width=\u00bb3&#8243; arrows_design=\u00bbvc_arrow-icon-arrow_12_left\u00bb arrows_position=\u00bboutside\u00bb paging_design=\u00bbpagination_rounded_square\u00bb paging_color=\u00bbgreen\u00bb item=\u00bb301&#8243; grid_id=\u00bbvc_gid:1549548810908-0cb0b8a2-fbe5-6&#8243; taxonomies=\u00bb175&#8243; paging_animation_in=\u00bbfadeIn\u00bb paging_animation_out=\u00bbfadeOut\u00bb][\/vc_column][\/vc_row]<\/p>\n<\/section>","protected":false},"excerpt":{"rendered":"<p>[vc_row][vc_column width=\u00bb1\/2&#8243;][vc_icon icon_fontawesome=\u00bbfa fa-info-circle\u00bb color=\u00bbgreen\u00bb size=\u00bbxl\u00bb align=\u00bbcenter\u00bb][vc_custom_heading text=\u00bbEscanea el c\u00f3digo y ll\u00e9vate las recomendaciones a tu m\u00f3vil\u00bb font_container=\u00bbtag:h3|text_align:justify\u00bb css_animation=\u00bbtop-to-bottom\u00bb][vc_single_image image=\u00bb2680&#8243; img_size=\u00bbmedium\u00bb alignment=\u00bbcenter\u00bb][\/vc_column][vc_column width=\u00bb1\/2&#8243;][vc_single_image image=\u00bb3077&#8243; img_size=\u00bbfull\u00bb][\/vc_column][\/vc_row][vc_row][vc_column][vc_separator [&hellip;]<\/p>\n","protected":false},"author":8,"featured_media":0,"parent":3625,"menu_order":0,"comment_status":"closed","ping_status":"closed","template":"","meta":{"footnotes":""},"class_list":["post-2580","page","type-page","status-publish","hentry"],"jetpack_sharing_enabled":true,"_links":{"self":[{"href":"https:\/\/www.picuida.es\/ciudadania\/wp-json\/wp\/v2\/pages\/2580","targetHints":{"allow":["GET"]}}],"collection":[{"href":"https:\/\/www.picuida.es\/ciudadania\/wp-json\/wp\/v2\/pages"}],"about":[{"href":"https:\/\/www.picuida.es\/ciudadania\/wp-json\/wp\/v2\/types\/page"}],"author":[{"embeddable":true,"href":"https:\/\/www.picuida.es\/ciudadania\/wp-json\/wp\/v2\/users\/8"}],"replies":[{"embeddable":true,"href":"https:\/\/www.picuida.es\/ciudadania\/wp-json\/wp\/v2\/comments?post=2580"}],"version-history":[{"count":1,"href":"https:\/\/www.picuida.es\/ciudadania\/wp-json\/wp\/v2\/pages\/2580\/revisions"}],"predecessor-version":[{"id":3078,"href":"https:\/\/www.picuida.es\/ciudadania\/wp-json\/wp\/v2\/pages\/2580\/revisions\/3078"}],"up":[{"embeddable":true,"href":"https:\/\/www.picuida.es\/ciudadania\/wp-json\/wp\/v2\/pages\/3625"}],"wp:attachment":[{"href":"https:\/\/www.picuida.es\/ciudadania\/wp-json\/wp\/v2\/media?parent=2580"}],"curies":[{"name":"wp","href":"https:\/\/api.w.org\/{rel}","templated":true}]}}