{"id":2875,"date":"2018-05-23T09:38:21","date_gmt":"2018-05-23T07:38:21","guid":{"rendered":"https:\/\/www.picuida.es\/ciudadania\/?page_id=2875"},"modified":"2020-03-13T10:24:38","modified_gmt":"2020-03-13T09:24:38","slug":"politica-de-privacidad","status":"publish","type":"page","link":"https:\/\/www.picuida.es\/ciudadania\/politica-de-privacidad\/","title":{"rendered":"Pol\u00edtica de privacidad"},"content":{"rendered":"<h2 style=\"text-align: justify;\">Qui\u00e9nes somos<\/h2>\n<p style=\"text-align: justify;\">La direcci\u00f3n de nuestra web es: https:\/\/www.picuida.es\/ciudadania.<\/p>\n<h2 style=\"text-align: justify;\">\u00bfQui\u00e9n es el responsable del tratamiento de sus datos?<\/h2>\n<p style=\"text-align: justify;\">Identidad: Servicio Andaluz de Salud. Consejer\u00eda de Salud de la Junta de Andaluc\u00eda.<br \/>\nDirecci\u00f3n postal: Avenida de la Constituci\u00f3n,18. 41071-Sevilla.<br \/>\nTel\u00e9fono: +34 955018000<br \/>\nDelegado de Protecci\u00f3n de datos: dpd<span class=\"\">@ssp<\/span>a<span class=\"\">@juntadeandalucia.es<br \/>\n(<em>El Delegado de Protecci\u00f3n de Datos es la persona encargada de proteger el derecho fundamental a la protecci\u00f3n de datos personales en el Sistema Sanitario P\u00fablica de Andaluc\u00eda -SSPA- y se encarga del cumplimiento de la normativa de protecci\u00f3n de datos<\/em>)<\/span><\/p>\n<h2 style=\"text-align: justify;\">\u00bfPara qu\u00e9 utilizamos sus datos personales?<\/h2>\n<p style=\"text-align: justify;\">PiCuida recoge sus datos personales con la finalidad de ofrecer a la ciudadan\u00eda acceso a informaci\u00f3n espec\u00edfica de la Red de Cuidados de Andaluc\u00eda.<\/p>\n<h2>\u00bfPor cu\u00e1nto tiempo conservaremos sus datos?<\/h2>\n<p style=\"text-align: justify;\">Los datos proporcionados se conservar\u00e1n mientras no se solicite su supresi\u00f3n por el interesado.<\/p>\n<h2 style=\"text-align: justify;\">\u00bfA qui\u00e9n comunicaremos tus datos?<\/h2>\n<p style=\"text-align: justify;\">No cederemos sus datos personales a terceros, salvo que estemos obligados por una ley. El contenido de los comentarios de los visitantes a las distintas entradas de esta web pueden ser revisados por un servicio de detecci\u00f3n autom\u00e1tica de spam. El servicio Google Analytics utiliza los datos extrictamente necesarios (IP, p\u00e1ginas visitadas, tiempo de permanencia&#8230;) para elaborar las estad\u00edsticas de uso de esta web (ver <a href=\"https:\/\/policies.google.com\/privacy?gl=ES&amp;hl=es\" target=\"_blank\" rel=\"noopener noreferrer\">aqu\u00ed<\/a> su politica de privacidad).<\/p>\n<h2 style=\"text-align: justify;\">\u00bfCu\u00e1les son tus derechos cuando nos facilitas tus datos?<\/h2>\n<ul style=\"text-align: justify;\">\n<li>Cualquier persona tiene derecho a obtener confirmaci\u00f3n sobre si en PiCuida estamos tratando datos personales que les conciernan, o no.<\/li>\n<li>Las personas interesadas tienen derecho a acceder a sus datos personales, as\u00ed como a solicitar la rectificaci\u00f3n de los datos inexactos o, en su caso, solicitar la supresi\u00f3n cuando, entre otros motivos, los datos ya no sean necesarios para los fines que fueron recogidos.<\/li>\n<li>En determinadas circunstancias y por motivos relacionados con su situaci\u00f3n particular, los interesados podr\u00e1n oponerse al tratamiento de sus datos. PiCuida dejar\u00e1 de tratar los datos, salvo por motivos leg\u00edtimos imperiosos, o el ejercicio o defensa de posibles reclamaciones.<\/li>\n<li>Las personas interesadas podr\u00e1n recibir, en formato electr\u00f3nico, los datos personales que nos haya facilitado.<\/li>\n<\/ul>\n<p style=\"text-align: justify;\">Puedes ejercer tus derechos a trav\u00e9s de:<\/p>\n<ul style=\"text-align: justify;\">\n<li>protecciondedatos.easp@juntadeandalucia.es<\/li>\n<li>Escuela Andaluza de Salud P\u00fablica, Calle cuesta de Observatorio 4, 18011 \u2013 Granada, Espa\u00f1a<\/li>\n<\/ul>\n<p style=\"text-align: justify;\">Para ejercitar tus derechos acompa\u00f1a a tu solicitud una copia de tu DNI o documento equivalente acreditativo de tu identidad. El ejercicio de estos derechos es gratuito.<\/p>\n<p style=\"text-align: justify;\">Si consideras que no hemos tratado tus datos personales de acuerdo con la normativa, puedes contactar con el Delegado de Protecci\u00f3n de Datos en la direcci\u00f3n <a href=\"mailto:dpd.csalud@juntadeandalucia.es\">dpd.sspa@juntadeandalucia.es<\/a>. No obstante, podr\u00e1s presentar una reclamaci\u00f3n ante la Agencia Espa\u00f1ola de Protecci\u00f3n de Datos (www.agpd.es).<\/p>\n<h2>\u00bfD\u00f3nde est\u00e1n almancenados sus datos?<\/h2>\n<p>Los datos de usuarios de PiCuida est\u00e1n f\u00edsicamente ubicados en el Centro de Procesamiento de Datos (CPD) de la Escuela Andaluza de Salud P\u00fablica, entidad perteneciente a la Consejer\u00eda de Salud y encargada por el SAS para el soporte a PiCuida. Sus infraestructura tecnol\u00f3gica est\u00e1 integrada en la Red Corporativa de la Junta de Andaluc\u00eda.<\/p>\n<h2 style=\"text-align: justify;\">Qu\u00e9 datos personales recogemos y por qu\u00e9 los recogemos<\/h2>\n<h3 style=\"text-align: justify;\">Comentarios<\/h3>\n<p style=\"text-align: justify;\">Cuando los visitantes dejan comentarios en la web, recopilamos los datos que se muestran en el formulario de comentarios, as\u00ed como la direcci\u00f3n IP del visitante y la cadena de agentes de usuario del navegador para ayudar a la detecci\u00f3n de spam.<\/p>\n<h3 style=\"text-align: justify;\">Cookies<\/h3>\n<p style=\"text-align: justify;\">Si dejas un comentario en nuestro sitio puedes elegir guardar tu nombre, direcci\u00f3n de correo electr\u00f3nico y web en cookies. Esto es para tu comodidad, para que no tengas que volver a rellenar tus datos cuando dejes otro comentario. Estas cookies tendr\u00e1n una duraci\u00f3n de un a\u00f1o.<\/p>\n<p style=\"text-align: justify;\">Si tienes una cuenta y te conectas a este sitio, instalaremos una cookie temporal para determinar si tu navegador acepta cookies. Esta cookie no contiene datos personales y se elimina al cerrar el navegador.<\/p>\n<h3 style=\"text-align: justify;\">Contenido incrustado de otros sitios web<\/h3>\n<p style=\"text-align: justify;\">Los art\u00edculos de este sitio pueden incluir contenido incrustado (por ejemplo, v\u00eddeos, im\u00e1genes, art\u00edculos, etc.). El contenido incrustado de otras web se comporta exactamente de la misma manera que si el visitante hubiera visitado la otra web.<\/p>\n<p style=\"text-align: justify;\">Estas web pueden recopilar datos sobre ti, utilizar cookies, incrustar un seguimiento adicional de terceros, y supervisar tu interacci\u00f3n con ese contenido incrustado, incluido el seguimiento de su interacci\u00f3n con el contenido incrustado si tienes una cuenta y est\u00e1s conectado a esa web.<\/p>\n<h2 style=\"text-align: justify;\">Informaci\u00f3n adicional<\/h2>\n<h3 style=\"text-align: justify;\">C\u00f3mo protegemos tus datos<\/h3>\n<ul>\n<li style=\"text-align: justify;\">Este sitio web utiliza el protocolo securo https, lo que b\u00e1sicamente significa que la p\u00e1gina web codifica la sesi\u00f3n con certificado digital. De este modo, el usuario tiene garant\u00edas de que la informaci\u00f3n que env\u00ede desde dicha p\u00e1gina no podr\u00e1 ser interceptada y utilizada por terceros. Puede comprobar en la barra de direcciones de su navegador la existencia de un candado de color verde junto a la direcci\u00f3n de acceso.<\/li>\n<li>La web cuenta adem\u00e1s con herramientas de seguridad para prevenci\u00f3n de ataques e intrusiones que puedan poner al descubierto sus datos.<\/li>\n<li>Adem\u00e1s, todos el contenido de esta web incluendo la base de datos de usuarios es salvaguardado diariamente por el servicio de copias de seguridad.<\/li>\n<\/ul>\n","protected":false},"excerpt":{"rendered":"<p>Qui\u00e9nes somos La direcci\u00f3n de nuestra web es: https:\/\/www.picuida.es\/ciudadania. \u00bfQui\u00e9n es el responsable del tratamiento de sus datos? Identidad: Servicio Andaluz de Salud. Consejer\u00eda de [&hellip;]<\/p>\n","protected":false},"author":8,"featured_media":0,"parent":0,"menu_order":0,"comment_status":"closed","ping_status":"closed","template":"","meta":{"footnotes":""},"class_list":["post-2875","page","type-page","status-publish","hentry"],"jetpack_sharing_enabled":true,"_links":{"self":[{"href":"https:\/\/www.picuida.es\/ciudadania\/wp-json\/wp\/v2\/pages\/2875","targetHints":{"allow":["GET"]}}],"collection":[{"href":"https:\/\/www.picuida.es\/ciudadania\/wp-json\/wp\/v2\/pages"}],"about":[{"href":"https:\/\/www.picuida.es\/ciudadania\/wp-json\/wp\/v2\/types\/page"}],"author":[{"embeddable":true,"href":"https:\/\/www.picuida.es\/ciudadania\/wp-json\/wp\/v2\/users\/8"}],"replies":[{"embeddable":true,"href":"https:\/\/www.picuida.es\/ciudadania\/wp-json\/wp\/v2\/comments?post=2875"}],"version-history":[{"count":1,"href":"https:\/\/www.picuida.es\/ciudadania\/wp-json\/wp\/v2\/pages\/2875\/revisions"}],"predecessor-version":[{"id":3655,"href":"https:\/\/www.picuida.es\/ciudadania\/wp-json\/wp\/v2\/pages\/2875\/revisions\/3655"}],"wp:attachment":[{"href":"https:\/\/www.picuida.es\/ciudadania\/wp-json\/wp\/v2\/media?parent=2875"}],"curies":[{"name":"wp","href":"https:\/\/api.w.org\/{rel}","templated":true}]}}