{"id":3573,"date":"2020-03-11T10:52:33","date_gmt":"2020-03-11T09:52:33","guid":{"rendered":"https:\/\/www.picuida.es\/ciudadania\/?page_id=3573"},"modified":"2020-03-13T10:51:17","modified_gmt":"2020-03-13T09:51:17","slug":"recursos-salud-fiable-internet","status":"publish","type":"page","link":"https:\/\/www.picuida.es\/ciudadania\/recursos-salud-fiable-internet\/","title":{"rendered":"+ Recursos"},"content":{"rendered":"<div class=\"fusion-fullwidth fullwidth-box fusion-builder-row-1 nonhundred-percent-fullwidth non-hundred-percent-height-scrolling\" style=\"--awb-background-position:left top;--awb-border-radius-top-left:0px;--awb-border-radius-top-right:0px;--awb-border-radius-bottom-right:0px;--awb-border-radius-bottom-left:0px;--awb-padding-top:4%;--awb-padding-bottom:4%;--awb-background-color:#f7f5f4;--awb-border-sizes-top:0px;--awb-border-sizes-bottom:0px;--awb-flex-wrap:wrap;\" ><div class=\"fusion-builder-row fusion-row\"><div class=\"fusion-layout-column fusion_builder_column fusion-builder-column-0 fusion_builder_column_1_2 1_2 fusion-one-half fusion-column-first\" style=\"--awb-bg-size:cover;width:48%; margin-right: 4%;\"><div class=\"fusion-column-wrapper fusion-flex-column-wrapper-legacy\"><div class=\"fusion-text fusion-text-1\"><h3>Buscador<\/h3>\n<\/div><div class=\"fusion-sep-clear\"><\/div><div class=\"fusion-separator fusion-full-width-sep\" style=\"margin-left: auto;margin-right: auto;margin-top:5px;width:100%;\"><div class=\"fusion-separator-border sep-single sep-solid\" style=\"--awb-height:20px;--awb-amount:20px;--awb-sep-color:#8bc34a;border-color:#8bc34a;border-top-width:1px;\"><\/div><\/div><div class=\"fusion-sep-clear\"><\/div><div class=\"fusion-sep-clear\"><\/div><div class=\"fusion-separator fusion-full-width-sep\" style=\"margin-left: auto;margin-right: auto;margin-top:25px;width:100%;\"><\/div><div class=\"fusion-sep-clear\"><\/div><div class=\"fusion-search-element fusion-search-element-1 fusion-search-form-classic\">\t\t<form role=\"search\" class=\"searchform fusion-search-form  fusion-live-search fusion-search-form-classic\" method=\"get\" action=\"https:\/\/www.picuida.es\/ciudadania\/\">\n\t\t\t<div class=\"fusion-search-form-content\">\n\n\t\t\t\t\n\t\t\t\t<div class=\"fusion-search-field search-field\">\n\t\t\t\t\t<label><span class=\"screen-reader-text\">Buscar:<\/span>\n\t\t\t\t\t\t\t\t\t\t\t\t\t<input type=\"search\" class=\"s fusion-live-search-input\" name=\"s\" id=\"fusion-live-search-input-0\" autocomplete=\"off\" placeholder=\"Busca en nuestra web\" required aria-required=\"true\" aria-label=\"Busca en nuestra web\"\/>\n\t\t\t\t\t\t\t\t\t\t\t<\/label>\n\t\t\t\t<\/div>\n\t\t\t\t<div class=\"fusion-search-button search-button\">\n\t\t\t\t\t<input type=\"submit\" class=\"fusion-search-submit searchsubmit\" aria-label=\"Buscar\" value=\"&#xf002;\" \/>\n\t\t\t\t\t\t\t\t\t\t<div class=\"fusion-slider-loading\"><\/div>\n\t\t\t\t\t\t\t\t\t<\/div>\n\n\t\t\t\t<input type=\"hidden\" name=\"post_type[]\" value=\"post\" \/><input type=\"hidden\" name=\"post_type[]\" value=\"page\" \/><input type=\"hidden\" name=\"search_limit_to_post_titles\" value=\"0\" \/><input type=\"hidden\" name=\"live_min_character\" value=\"4\" \/><input type=\"hidden\" name=\"live_posts_per_page\" value=\"50\" \/><input type=\"hidden\" name=\"live_search_display_featured_image\" value=\"1\" \/><input type=\"hidden\" name=\"live_search_display_post_type\" value=\"0\" \/><input type=\"hidden\" name=\"fs\" value=\"1\" \/>\n\t\t\t<\/div>\n\n\n\t\t\t\t\t\t\t<div class=\"fusion-search-results-wrapper\"><div class=\"fusion-search-results\"><\/div><\/div>\n\t\t\t\n\t\t<\/form>\n\t\t<\/div><div class=\"fusion-sep-clear\"><\/div><div class=\"fusion-separator fusion-full-width-sep\" style=\"margin-left: auto;margin-right: auto;margin-top:40px;width:100%;\"><\/div><div class=\"fusion-sep-clear\"><\/div><div class=\"fusion-image-element fusion-image-align-center in-legacy-container\" style=\"text-align:center;--awb-caption-title-font-family:var(--h2_typography-font-family);--awb-caption-title-font-weight:var(--h2_typography-font-weight);--awb-caption-title-font-style:var(--h2_typography-font-style);--awb-caption-title-size:var(--h2_typography-font-size);--awb-caption-title-transform:var(--h2_typography-text-transform);--awb-caption-title-line-height:var(--h2_typography-line-height);--awb-caption-title-letter-spacing:var(--h2_typography-letter-spacing);\"><div class=\"imageframe-align-center\"><span class=\" fusion-imageframe imageframe-none imageframe-1 hover-type-none\"><a href=\"https:\/\/www.picuida.es\/ciudadania\/wp-content\/uploads\/2016\/05\/7ppiospwebsalud.jpg\" class=\"fusion-lightbox\" data-rel=\"iLightbox[7640943f53d748bde18]\" data-title=\"7ppiospwebsalud\" title=\"7ppiospwebsalud\"><img decoding=\"async\" width=\"960\" height=\"720\" src=\"https:\/\/www.picuida.es\/ciudadania\/wp-content\/uploads\/2016\/05\/7ppiospwebsalud.jpg\" alt class=\"img-responsive wp-image-255\"\/><\/a><\/span><\/div><\/div><div class=\"fusion-clearfix\"><\/div><\/div><\/div><div class=\"fusion-layout-column fusion_builder_column fusion-builder-column-1 fusion_builder_column_1_2 1_2 fusion-one-half fusion-column-last\" style=\"--awb-bg-size:cover;width:48%;\"><div class=\"fusion-column-wrapper fusion-flex-column-wrapper-legacy\"><div class=\"fusion-text fusion-text-2\"><h3>RECOMENDAMOS<\/h3>\n<\/div><div class=\"accordian fusion-accordian\" style=\"--awb-border-size:1px;--awb-icon-size:16px;--awb-content-font-size:16px;--awb-icon-alignment:left;--awb-hover-color:#f9f9fb;--awb-border-color:#e2e2e2;--awb-background-color:#ffffff;--awb-divider-color:#e2e2e2;--awb-divider-hover-color:#e2e2e2;--awb-icon-color:#ffffff;--awb-title-color:#368a40;--awb-content-color:#4a4e57;--awb-icon-box-color:#212934;--awb-toggle-hover-accent-color:#9e9e9e;--awb-title-font-family:Tahoma, Geneva, sans-serif;--awb-title-font-weight:400;--awb-title-font-style:normal;--awb-content-font-family:&quot;Open Sans&quot;;--awb-content-font-style:normal;--awb-content-font-weight:400;\"><div class=\"panel-group fusion-toggle-icon-boxed\" id=\"accordion-3573-1\"><div class=\"fusion-panel panel-default panel-28d29b0dd15972c89 fusion-toggle-has-divider\"><div class=\"panel-heading\"><h4 class=\"panel-title toggle\" id=\"toggle_28d29b0dd15972c89\"><a aria-expanded=\"false\" aria-controls=\"28d29b0dd15972c89\" role=\"button\" data-toggle=\"collapse\" data-parent=\"#accordion-3573-1\" data-target=\"#28d29b0dd15972c89\" href=\"#28d29b0dd15972c89\"><span class=\"fusion-toggle-icon-wrapper\" aria-hidden=\"true\"><i class=\"fa-fusion-box active-icon awb-icon-minus\" aria-hidden=\"true\"><\/i><i class=\"fa-fusion-box inactive-icon awb-icon-plus\" aria-hidden=\"true\"><\/i><\/span><span class=\"fusion-toggle-heading\">ASOCIACIONES DE PACIENTES<\/span><\/a><\/h4><\/div><div id=\"28d29b0dd15972c89\" class=\"panel-collapse collapse \" aria-labelledby=\"toggle_28d29b0dd15972c89\"><div class=\"panel-body toggle-content fusion-clearfix\">\n<p style=\"text-align: justify;\"><a href=\"https:\/\/www.juntadeandalucia.es\/organismos\/saludyfamilias\/areas\/participar-salud\/asociaciones.html\" target=\"_blank\" rel=\"noopener\"><img decoding=\"async\" class=\"aligncenter wp-image-3657\" src=\"https:\/\/www.picuida.es\/ciudadania\/wp-content\/uploads\/2020\/03\/asocpacientes.jpg\" alt=\"\" width=\"493\" height=\"307\" srcset=\"https:\/\/www.picuida.es\/ciudadania\/wp-content\/uploads\/2020\/03\/asocpacientes-200x125.jpg 200w, https:\/\/www.picuida.es\/ciudadania\/wp-content\/uploads\/2020\/03\/asocpacientes-300x187.jpg 300w, https:\/\/www.picuida.es\/ciudadania\/wp-content\/uploads\/2020\/03\/asocpacientes-400x250.jpg 400w, https:\/\/www.picuida.es\/ciudadania\/wp-content\/uploads\/2020\/03\/asocpacientes-600x374.jpg 600w, https:\/\/www.picuida.es\/ciudadania\/wp-content\/uploads\/2020\/03\/asocpacientes-768x479.jpg 768w, https:\/\/www.picuida.es\/ciudadania\/wp-content\/uploads\/2020\/03\/asocpacientes-800x499.jpg 800w, https:\/\/www.picuida.es\/ciudadania\/wp-content\/uploads\/2020\/03\/asocpacientes-1024x639.jpg 1024w, https:\/\/www.picuida.es\/ciudadania\/wp-content\/uploads\/2020\/03\/asocpacientes.jpg 1034w\" sizes=\"(max-width: 493px) 100vw, 493px\" \/><\/a>La web de la Consejer\u00eda de Salud y Familias de la Junta de Andaluc\u00eda\u00a0<a href=\"https:\/\/www.juntadeandalucia.es\/organismos\/saludyfamilias\/areas\/participar-salud\/asociaciones.html\" target=\"_blank\" rel=\"noopener noreferrer\">nos facilita un portal<\/a>\u00a0que proporciona informaci\u00f3n acerca del movimiento asociativo en salud existente en nuestro territorio para <strong>facilitar as\u00ed el contacto<\/strong>\u00a0con aquellas asociaciones de inter\u00e9s, bien para recibir ayuda de personas con iguales intereses, vincularse a las asociaciones o colaborar como voluntario\/a y trabajar solidariamente.<\/p>\n<p style=\"text-align: justify;\">Desde aqu\u00ed, la ciudadan\u00eda\u00a0<strong>puede realizar b\u00fasquedas<\/strong>\u00a0de aquellas asociaciones que voluntariamente se hayan inscrito en el Censo de Asociaciones en salud, informaci\u00f3n que tambi\u00e9n puede ser \u00fatil a las asociaciones, profesionales e instituciones<\/p>\n<p style=\"text-align: justify;\">Esperamos que esta informaci\u00f3n pueda resultarte de utilidad.<\/p>\n<\/div><\/div><\/div><div class=\"fusion-panel panel-default panel-ce3a6286cbcb2044a fusion-toggle-has-divider\"><div class=\"panel-heading\"><h4 class=\"panel-title toggle\" id=\"toggle_ce3a6286cbcb2044a\"><a aria-expanded=\"false\" aria-controls=\"ce3a6286cbcb2044a\" role=\"button\" data-toggle=\"collapse\" data-parent=\"#accordion-3573-1\" data-target=\"#ce3a6286cbcb2044a\" href=\"#ce3a6286cbcb2044a\"><span class=\"fusion-toggle-icon-wrapper\" aria-hidden=\"true\"><i class=\"fa-fusion-box active-icon awb-icon-minus\" aria-hidden=\"true\"><\/i><i class=\"fa-fusion-box inactive-icon awb-icon-plus\" aria-hidden=\"true\"><\/i><\/span><span class=\"fusion-toggle-heading\">ESCUELA DE PACIENTES<\/span><\/a><\/h4><\/div><div id=\"ce3a6286cbcb2044a\" class=\"panel-collapse collapse \" aria-labelledby=\"toggle_ce3a6286cbcb2044a\"><div class=\"panel-body toggle-content fusion-clearfix\">\n<p style=\"text-align: justify;\"><img decoding=\"async\" class=\"alignleft size-medium wp-image-501\" src=\"https:\/\/www.picuida.es\/ciudadania\/wp-content\/uploads\/2016\/06\/EscueladepacientesGrande-300x278.jpg\" alt=\"\" width=\"300\" height=\"278\" srcset=\"https:\/\/www.picuida.es\/ciudadania\/wp-content\/uploads\/2016\/06\/EscueladepacientesGrande-300x278.jpg 300w, https:\/\/www.picuida.es\/ciudadania\/wp-content\/uploads\/2016\/06\/EscueladepacientesGrande.jpg 512w\" sizes=\"(max-width: 300px) 100vw, 300px\" \/>La Escuela de Pacientes de Andaluc\u00eda est\u00e1 financiada por la Consejer\u00eda de Salud y Familias de la Junta de Andaluc\u00eda, y se coordina a trav\u00e9s de la\u00a0<a href=\"https:\/\/escueladepacientes.es\/\" target=\"_blank\" rel=\"noopener\">Escuela Andaluza de Salud P\u00fablica.<\/a><\/p>\n<p style=\"text-align: justify;\">La sede central se encuentra en Granada (Escuela Andaluza de Salud P\u00fablica), un centro docente que tiene una gran experiencia y reconocido prestigio en la formaci\u00f3n de profesionales sanitarios. Ahora es tambi\u00e9n una Escuela de Salud para pacientes y personas que cuidan.<\/p>\n<p style=\"text-align: justify;\">A trav\u00e9s de su\u00a0<a href=\"https:\/\/escueladepacientes.es\/\" target=\"_blank\" rel=\"noopener\">web oficial<\/a>\u00a0se puede acceder a informaci\u00f3n sobre todas las actividades que se realizan en la Escuela de Pacientes. Tambi\u00e9n se facilitan recursos para ampliar nuestros conocimientos sobre diversas enfermedades y finalmente, proporciona un espacio de expresi\u00f3n donde podemos hacer visible las vivencias y experiencias con la enfermedad.<\/p>\n<p style=\"text-align: justify;\">Forman parte de la Escuela de Pacientes todas las personas que hacen posible su funcionamiento: pacientes, personas que cuidan, familiares, asociaciones y ciudadan\u00eda en general que participa en sus actividades formativas para aprender y ense\u00f1ar las mejores formas de cuidar y cuidarse. La Escuela de Pacientes tambi\u00e9n cueta con grupos de expertos y expertas profesionales del Sistema Sanitario P\u00fablico de Andaluc\u00eda para la elaboraci\u00f3n de los contenidos de cada una de las enfermedades que se tratan.<\/p>\n<\/div><\/div><\/div><div class=\"fusion-panel panel-default panel-010287244979e020f fusion-toggle-has-divider\"><div class=\"panel-heading\"><h4 class=\"panel-title toggle\" id=\"toggle_010287244979e020f\"><a aria-expanded=\"false\" aria-controls=\"010287244979e020f\" role=\"button\" data-toggle=\"collapse\" data-parent=\"#accordion-3573-1\" data-target=\"#010287244979e020f\" href=\"#010287244979e020f\"><span class=\"fusion-toggle-icon-wrapper\" aria-hidden=\"true\"><i class=\"fa-fusion-box active-icon awb-icon-minus\" aria-hidden=\"true\"><\/i><i class=\"fa-fusion-box inactive-icon awb-icon-plus\" aria-hidden=\"true\"><\/i><\/span><span class=\"fusion-toggle-heading\">VIDEOCHAT CON EXPERT@S<\/span><\/a><\/h4><\/div><div id=\"010287244979e020f\" class=\"panel-collapse collapse \" aria-labelledby=\"toggle_010287244979e020f\"><div class=\"panel-body toggle-content fusion-clearfix\">\n<p style=\"text-align: justify;\"><img decoding=\"async\" class=\"alignleft size-full wp-image-506\" src=\"https:\/\/www.picuida.es\/ciudadania\/wp-content\/uploads\/2016\/06\/videochat.jpg\" alt=\"\" width=\"170\" height=\"257\" \/>Peri\u00f3dicamente, la\u00a0<a href=\"https:\/\/escueladepacientes.es\/videoteca\" target=\"_blank\" rel=\"noopener\">Escuela de Pacientes<\/a> de Andaluc\u00eda (Escuela Andaluza de Salud P\u00fablica) realiza diferentes V\u00eddeoChat con expertos, donde pueden plantearse a los expertos y expertas diferentes preguntas a trav\u00e9s del blog de la Escuela, redes sociales, etc.<\/p>\n<p style=\"text-align: justify;\">En este enlace puedes ver todos los VideoChat realizados hasta el momento:\u00a0<a href=\"https:\/\/escueladepacientes.es\/videoteca\" target=\"_blank\" rel=\"noopener\">enlace.<\/a><\/p>\n<\/div><\/div><\/div><\/div><\/div><div class=\"fusion-sep-clear\"><\/div><div class=\"fusion-separator fusion-full-width-sep\" style=\"margin-left: auto;margin-right: auto;margin-top:20px;margin-bottom:20px;width:100%;\"><\/div><div class=\"fusion-sep-clear\"><\/div><div class=\"fusion-text fusion-text-3\"><div class=\"fusion-fa-align-center\"><i class=\"fb-icon-element-1 fb-icon-element fontawesome-icon fa-mobile-alt fas circle-yes\" style=\"--awb-circlebordersize:1px;--awb-font-size:28.16px;--awb-width:56.32px;--awb-height:56.32px;--awb-line-height:54.32px;\"><\/i><\/div>\n<h2 style=\"text-align: center;\">\u00bfBuscas aplicaciones m\u00f3viles de salud fiables?<\/h2>\n<div class=\"fusion-image-element fusion-image-align-center in-legacy-container\" style=\"text-align:center;--awb-liftup-border-radius:0px;--awb-caption-title-font-family:var(--h2_typography-font-family);--awb-caption-title-font-weight:var(--h2_typography-font-weight);--awb-caption-title-font-style:var(--h2_typography-font-style);--awb-caption-title-size:var(--h2_typography-font-size);--awb-caption-title-transform:var(--h2_typography-text-transform);--awb-caption-title-line-height:var(--h2_typography-line-height);--awb-caption-title-letter-spacing:var(--h2_typography-letter-spacing);\"><div class=\"imageframe-align-center\"><div class=\"awb-image-frame awb-image-frame-2 imageframe-liftup\"><span class=\" fusion-imageframe imageframe-none imageframe-2\"><a class=\"fusion-no-lightbox\" href=\"http:\/\/www.calidadappsalud.com\/distintivo\/catalogo\" target=\"_blank\" aria-label=\"appsalud\" rel=\"noopener noreferrer\"><img decoding=\"async\" width=\"903\" height=\"168\" src=\"https:\/\/www.picuida.es\/ciudadania\/wp-content\/uploads\/2016\/05\/appsalud.png\" alt class=\"img-responsive wp-image-258\"\/><\/a><\/span><\/div><\/div><\/div>\n<\/div><div class=\"fusion-clearfix\"><\/div><\/div><\/div><\/div><\/div><div class=\"fusion-fullwidth fullwidth-box fusion-builder-row-2 nonhundred-percent-fullwidth non-hundred-percent-height-scrolling\" style=\"--awb-border-radius-top-left:0px;--awb-border-radius-top-right:0px;--awb-border-radius-bottom-right:0px;--awb-border-radius-bottom-left:0px;--awb-padding-top:0px;--awb-padding-bottom:0px;--awb-flex-wrap:wrap;\" ><div class=\"fusion-builder-row fusion-row\"><div class=\"fusion-layout-column fusion_builder_column fusion-builder-column-2 fusion_builder_column_1_1 1_1 fusion-one-full fusion-column-first fusion-column-last\" style=\"--awb-bg-blend:overlay;--awb-bg-size:cover;\"><div class=\"fusion-column-wrapper fusion-flex-column-wrapper-legacy\"><div class=\"fusion-section-separator section-separator triangle fusion-section-separator-1\" style=\"--awb-border-bottom:1px solid #f8f8f8;--awb-spacer-height:1px;--awb-svg-margin-left:0;--awb-svg-margin-right:0;--awb-icon-color:#ffffff;\"><div class=\"fusion-section-separator-svg\"><div class=\"divider-candy-arrow bottom\" style=\"top:0px;border-top-color: #f8f8f8;\"><\/div><div class=\"divider-candy bottom\" style=\"bottom:-21px;border-bottom:1px solid #f8f8f8;border-left:1px solid #f8f8f8;\"><\/div><\/div><div class=\"fusion-section-separator-spacer\"><div class=\"fusion-section-separator-spacer-height\"><\/div><\/div><\/div><div class=\"fusion-clearfix\"><\/div><\/div><\/div><\/div><\/div><div class=\"fusion-fullwidth fullwidth-box fusion-builder-row-3 nonhundred-percent-fullwidth non-hundred-percent-height-scrolling\" style=\"--awb-border-radius-top-left:0px;--awb-border-radius-top-right:0px;--awb-border-radius-bottom-right:0px;--awb-border-radius-bottom-left:0px;--awb-padding-top:40px;--awb-flex-wrap:wrap;\" ><div class=\"fusion-builder-row fusion-row\"><div class=\"fusion-layout-column fusion_builder_column fusion-builder-column-3 fusion_builder_column_1_1 1_1 fusion-one-full fusion-column-first fusion-column-last\" style=\"--awb-bg-size:cover;\"><div class=\"fusion-column-wrapper fusion-flex-column-wrapper-legacy\"><div class=\"fusion-text fusion-text-4\"><p style=\"text-align: center; font-size: 20px;\">Webs de salud fiables<\/p>\n<\/div><div class=\"fusion-sep-clear\"><\/div><div class=\"fusion-separator\" style=\"margin-left: auto;margin-right: auto;margin-bottom:30px;width:100%;max-width:100px;\"><div class=\"fusion-separator-border sep-single sep-solid\" style=\"--awb-height:20px;--awb-amount:20px;--awb-sep-color:#8bc34a;border-color:#8bc34a;border-top-width:2px;\"><\/div><\/div><div class=\"fusion-sep-clear\"><\/div><div class=\"fusion-sep-clear\"><\/div><div class=\"fusion-separator fusion-full-width-sep\" style=\"margin-left: auto;margin-right: auto;margin-top:7px;width:100%;\"><\/div><div class=\"fusion-sep-clear\"><\/div><div class=\"fusion-clearfix\"><\/div><\/div><\/div><div class=\"fusion-layout-column fusion_builder_column fusion-builder-column-4 fusion_builder_column_1_2 1_2 fusion-one-half fusion-column-first\" style=\"--awb-bg-size:cover;width:50%;width:calc(50% - ( ( 4% ) * 0.5 ) );margin-right: 4%;\"><div class=\"fusion-column-wrapper fusion-column-has-shadow fusion-flex-column-wrapper-legacy\"><div class=\"fusion-text fusion-text-5\"><p><a href=\"https:\/\/www.picuida.es\/wp-content\/uploads\/2015\/07\/Ventana-abierta-a-las-familias.jpg\"><img decoding=\"async\" class=\"wp-image-5578 alignleft\" src=\"https:\/\/www.picuida.es\/wp-content\/uploads\/2015\/07\/Ventana-abierta-a-las-familias.jpg\" alt=\"Ventana abierta a las familias\" width=\"71\" height=\"51\" \/><\/a><a href=\"http:\/\/www.ventanafamilias.es\/\" target=\"_blank\" rel=\"noopener noreferrer\">Ventana abierta a las familias<br \/>\n<\/a>Programa de apoyo a padres y madres, desarrollado por la Consejer\u00eda de Salud de la Junta de Andaluc\u00eda.<\/p>\n<p><a href=\"http:\/\/cuidadosdelasheridas.com\/\" target=\"_blank\" rel=\"noopener noreferrer\"><img decoding=\"async\" class=\" wp-image-4105 alignleft\" src=\"https:\/\/www.picuida.es\/wp-content\/uploads\/2015\/07\/logo-Cuidados-de-las-Heridas-150x150.jpg\" alt=\"Cuidado de las heridas\" width=\"70\" height=\"70\" \/><\/a><a href=\"http:\/\/cuidadosdelasheridas.com\/\" target=\"_blank\" rel=\"noopener noreferrer\">Cuidados de las heridas<br \/>\n<\/a>Aprende a cuidar tus heridas o \u00falceras por presi\u00f3n.<\/p>\n<p><a href=\"http:\/\/www.familiaysalud.es\/\" target=\"_blank\" rel=\"noopener noreferrer\"><img decoding=\"async\" class=\"alignleft wp-image-4152\" src=\"https:\/\/www.picuida.es\/wp-content\/uploads\/2015\/07\/familiaysaludlogo-150x98.png\" alt=\"familiaysaludlogo\" width=\"70\" height=\"46\" \/><\/a><a class=\"titulo_tema\" title=\"\" href=\"http:\/\/www.familiaysalud.es\/\" target=\"_blank\" rel=\"noopener noreferrer\">Familia y Salud<\/a><br \/>\nAprende conocimientos necesarios para comprender y ayudar mejor a tus hijos.<\/p>\n<p><a href=\"https:\/\/www.infermeravirtual.com\/esp\" target=\"_blank\" rel=\"noopener noreferrer\"><img decoding=\"async\" class=\"alignleft wp-image-4159\" src=\"https:\/\/www.picuida.es\/wp-content\/uploads\/2015\/07\/Infermera-Virtual-150x150.jpg\" alt=\"Infermera Virtual\" width=\"70\" height=\"70\" \/><\/a><a class=\"titulo_tema\" title=\"\" href=\"https:\/\/www.infermeravirtual.com\/esp\" target=\"_blank\" rel=\"noopener noreferrer\">Infermera Virtual<\/a><br \/>\nPortal de Promoci\u00f3n y Educaci\u00f3n para la salud.<\/p>\n<p><a href=\"http:\/\/enfamilia.aeped.es\/\" target=\"_blank\" rel=\"noopener noreferrer\"><img decoding=\"async\" class=\"alignleft wp-image-4161\" src=\"https:\/\/www.picuida.es\/wp-content\/uploads\/2015\/07\/En-Familia-150x80.gif\" alt=\"En-Familia\" width=\"70\" height=\"37\" \/><\/a><a class=\"titulo_tema\" title=\"\" href=\"http:\/\/enfamilia.aeped.es\/\" target=\"_blank\" rel=\"noopener noreferrer\">En Familia<\/a><br \/>\nInformaci\u00f3n sobre diferentes problemas de salud, etapas del ni\u00f1o, etc.<\/p>\n<p><a href=\"https:\/\/imagenysalud14.wordpress.com\/\" target=\"_blank\" rel=\"noopener\"><img decoding=\"async\" class=\"wp-image-2991 alignleft\" src=\"https:\/\/www.picuida.es\/ciudadania\/wp-content\/uploads\/2018\/09\/imagenysalud.jpg\" sizes=\"(max-width: 75px) 100vw, 75px\" srcset=\"https:\/\/www.picuida.es\/ciudadania\/wp-content\/uploads\/2018\/09\/imagenysalud-300x225.jpg 300w, https:\/\/www.picuida.es\/ciudadania\/wp-content\/uploads\/2018\/09\/imagenysalud-768x576.jpg 768w, https:\/\/www.picuida.es\/ciudadania\/wp-content\/uploads\/2018\/09\/imagenysalud-1024x768.jpg 1024w, https:\/\/www.picuida.es\/ciudadania\/wp-content\/uploads\/2018\/09\/imagenysalud.jpg 3072w\" alt=\"\" width=\"75\" height=\"56\" \/><\/a><a class=\"titulo_tema\" title=\"\" href=\"https:\/\/imagenysalud14.wordpress.com\/\" target=\"_blank\" rel=\"noopener noreferrer\">Imagen y Salud<\/a><br \/>\nGu\u00edas, recursos, v\u00eddeos y m\u00e1s informaci\u00f3n sobre la visi\u00f3n positiva y saludable de la imagen corporal y la prevenci\u00f3n de los trastornos de la conducta alimentaria.<\/p>\n<\/div><div class=\"fusion-clearfix\"><\/div><\/div><\/div><div class=\"fusion-layout-column fusion_builder_column fusion-builder-column-5 fusion_builder_column_1_2 1_2 fusion-one-half fusion-column-last\" style=\"--awb-bg-size:cover;width:50%;width:calc(50% - ( ( 4% ) * 0.5 ) );\"><div class=\"fusion-column-wrapper fusion-column-has-shadow fusion-flex-column-wrapper-legacy\"><div class=\"fusion-text fusion-text-6\"><p><a href=\"http:\/\/www.escueladepacientes.es\/ui\/index.aspx\" target=\"_blank\" rel=\"noopener noreferrer\"><img decoding=\"async\" class=\" wp-image-4150 alignleft\" src=\"https:\/\/www.picuida.es\/wp-content\/uploads\/2015\/07\/escuela-de-pacientes-150x150.jpg\" alt=\"escuela-de-pacientes\" width=\"70\" height=\"70\" \/><\/a><a class=\"titulo_tema\" title=\"\" href=\"http:\/\/www.escueladepacientes.es\/ui\/index.aspx\" target=\"_blank\" rel=\"noopener noreferrer\">Escuela de Pacientes<\/a><br \/>\nConoce, aprende y comparte sobre diferentes enfermedades cr\u00f3nicas, de paciente a paciente.<\/p>\n<p><a href=\"http:\/\/www.cancer.gov\/espanol\/instituto\" target=\"_blank\" rel=\"noopener noreferrer\"><img decoding=\"async\" class=\"alignleft wp-image-4153\" src=\"https:\/\/www.picuida.es\/wp-content\/uploads\/2015\/07\/National-Cancer-Institute-150x150.jpg\" alt=\"National-Cancer-Institute\" width=\"70\" height=\"70\" \/><\/a><a href=\"http:\/\/www.cancer.gov\/espanol\" target=\"_blank\" rel=\"noopener noreferrer\">Instituto Nacional del C\u00e1ncer (EE.UU)<\/a><br \/>\nConoce, aprende y comparte sobre diferentes enfermedades cr\u00f3nicas, de paciente a paciente.<\/p>\n<p><a href=\"https:\/\/portal.guiasalud.es\/material-pacientes\/?_sfm_wpcf-estado=1\" target=\"_blank\" rel=\"noopener noreferrer\"><img decoding=\"async\" class=\"alignleft wp-image-4157\" src=\"https:\/\/www.picuida.es\/wp-content\/uploads\/2015\/07\/info_pacientes-150x150.gif\" alt=\"info_pacientes\" width=\"70\" height=\"70\" \/><\/a><a href=\"https:\/\/portal.guiasalud.es\/material-pacientes\/?_sfm_wpcf-estado=1\" target=\"_blank\" rel=\"noopener noreferrer\">Gu\u00eda Salud<\/a><br \/>\nInformaci\u00f3n adaptada a pacientes de Gu\u00edas de Pr\u00e1ctica Cl\u00ednica. Muy interesante.<\/p>\n<p><a href=\"https:\/\/www.nlm.nih.gov\/medlineplus\/spanish\/\" target=\"_blank\" rel=\"noopener noreferrer\"><img decoding=\"async\" class=\"alignleft wp-image-4162\" src=\"https:\/\/www.picuida.es\/wp-content\/uploads\/2015\/07\/Medlineplus1-150x84.png\" alt=\"Medlineplus1\" width=\"70\" height=\"39\" \/><\/a><a class=\"titulo_tema\" title=\"\" href=\"https:\/\/www.nlm.nih.gov\/medlineplus\/spanish\/\" target=\"_blank\" rel=\"noopener noreferrer\">MedlinePlus<\/a><br \/>\nSitio Web de los Institutos Nacionales de la Salud con informaci\u00f3n para pacientes y sus familias.<\/p>\n<p><a href=\"http:\/\/www.cuidando.org\/\" target=\"_blank\" rel=\"noopener noreferrer\"><img decoding=\"async\" class=\"alignleft wp-image-4976\" src=\"https:\/\/www.picuida.es\/wp-content\/uploads\/2015\/07\/Cuidando.png\" alt=\"Cuidando\" width=\"70\" height=\"70\" \/><\/a><a href=\"http:\/\/www.cuidando.org\/\" target=\"_blank\" rel=\"noopener noreferrer\">Cuidando.org<\/a><br \/>\nRepositorio que incluye diferentes webs de salud fiables y de calidad. Elaborador por dos enfermeros.<\/p>\n<\/div><div class=\"fusion-clearfix\"><\/div><\/div><\/div><\/div><\/div>\n","protected":false},"excerpt":{"rendered":"Buscador Buscar: RECOMENDAMOS ASOCIACIONES DE PACIENTES La web de la Consejer\u00eda de Salud y Familias de la Junta de Andaluc\u00eda\u00a0nos facilita un portal\u00a0que proporciona informaci\u00f3n [...]","protected":false},"author":8,"featured_media":0,"parent":0,"menu_order":0,"comment_status":"closed","ping_status":"closed","template":"100-width.php","meta":{"footnotes":""},"class_list":["post-3573","page","type-page","status-publish","hentry"],"jetpack_sharing_enabled":true,"_links":{"self":[{"href":"https:\/\/www.picuida.es\/ciudadania\/wp-json\/wp\/v2\/pages\/3573","targetHints":{"allow":["GET"]}}],"collection":[{"href":"https:\/\/www.picuida.es\/ciudadania\/wp-json\/wp\/v2\/pages"}],"about":[{"href":"https:\/\/www.picuida.es\/ciudadania\/wp-json\/wp\/v2\/types\/page"}],"author":[{"embeddable":true,"href":"https:\/\/www.picuida.es\/ciudadania\/wp-json\/wp\/v2\/users\/8"}],"replies":[{"embeddable":true,"href":"https:\/\/www.picuida.es\/ciudadania\/wp-json\/wp\/v2\/comments?post=3573"}],"version-history":[{"count":4,"href":"https:\/\/www.picuida.es\/ciudadania\/wp-json\/wp\/v2\/pages\/3573\/revisions"}],"predecessor-version":[{"id":3661,"href":"https:\/\/www.picuida.es\/ciudadania\/wp-json\/wp\/v2\/pages\/3573\/revisions\/3661"}],"wp:attachment":[{"href":"https:\/\/www.picuida.es\/ciudadania\/wp-json\/wp\/v2\/media?parent=3573"}],"curies":[{"name":"wp","href":"https:\/\/api.w.org\/{rel}","templated":true}]}}